{"id":807,"date":"2021-04-26T12:06:12","date_gmt":"2021-04-26T12:06:12","guid":{"rendered":"https:\/\/active-ageing.training\/aeldre-med-mentale-dysfunktioner\/"},"modified":"2022-07-05T05:47:29","modified_gmt":"2022-07-05T05:47:29","slug":"aeldre-med-mentale-dysfunktioner","status":"publish","type":"page","link":"https:\/\/active-ageing.training\/da\/aeldre-med-mentale-dysfunktioner\/","title":{"rendered":"\u00c6ldre med mentale dysfunktioner"},"content":{"rendered":"\t\t<div data-elementor-type=\"wp-page\" data-elementor-id=\"807\" class=\"elementor elementor-807 elementor-341\" data-elementor-post-type=\"page\">\n\t\t\t\t\t\t<section class=\"elementor-section elementor-top-section elementor-element elementor-element-d4e87d9 elementor-section-boxed elementor-section-height-default elementor-section-height-default\" data-id=\"d4e87d9\" data-element_type=\"section\" data-settings=\"{&quot;_ha_eqh_enable&quot;:false}\">\n\t\t\t\t\t\t<div class=\"elementor-container elementor-column-gap-default\">\n\t\t\t\t\t<div class=\"elementor-column elementor-col-100 elementor-top-column elementor-element elementor-element-3868f2f\" data-id=\"3868f2f\" data-element_type=\"column\">\n\t\t\t<div class=\"elementor-widget-wrap elementor-element-populated\">\n\t\t\t\t\t\t<div class=\"elementor-element elementor-element-2580e59 elementor-widget elementor-widget-spacer\" data-id=\"2580e59\" data-element_type=\"widget\" data-widget_type=\"spacer.default\">\n\t\t\t\t<div class=\"elementor-widget-container\">\n\t\t\t\t\t<div class=\"elementor-spacer\">\n\t\t\t<div class=\"elementor-spacer-inner\"><\/div>\n\t\t<\/div>\n\t\t\t\t<\/div>\n\t\t\t\t<\/div>\n\t\t\t\t<div class=\"elementor-element elementor-element-6299c7b9 elementor-widget elementor-widget-heading\" data-id=\"6299c7b9\" data-element_type=\"widget\" data-widget_type=\"heading.default\">\n\t\t\t\t<div class=\"elementor-widget-container\">\n\t\t\t<h2 class=\"elementor-heading-title elementor-size-default\">Identificering af behov og karakteristika for \u00e6ldre med mentale dysfunktioner<\/h2>\t\t<\/div>\n\t\t\t\t<\/div>\n\t\t\t\t<div class=\"elementor-element elementor-element-49fdd4f4 elementor-widget-divider--view-line elementor-widget elementor-widget-divider\" data-id=\"49fdd4f4\" data-element_type=\"widget\" data-widget_type=\"divider.default\">\n\t\t\t\t<div class=\"elementor-widget-container\">\n\t\t\t\t\t<div class=\"elementor-divider\">\n\t\t\t<span class=\"elementor-divider-separator\">\n\t\t\t\t\t\t<\/span>\n\t\t<\/div>\n\t\t\t\t<\/div>\n\t\t\t\t<\/div>\n\t\t\t\t\t<\/div>\n\t\t<\/div>\n\t\t\t\t\t<\/div>\n\t\t<\/section>\n\t\t\t\t<section class=\"elementor-section elementor-top-section elementor-element elementor-element-04e72bc elementor-section-height-default elementor-section-content-middle elementor-section-boxed elementor-section-height-default\" data-id=\"04e72bc\" data-element_type=\"section\" data-settings=\"{&quot;_ha_eqh_enable&quot;:false}\">\n\t\t\t\t\t\t<div class=\"elementor-container elementor-column-gap-default\">\n\t\t\t\t\t<div class=\"elementor-column elementor-col-66 elementor-inner-column elementor-element elementor-element-79544b91\" data-id=\"79544b91\" data-element_type=\"column\">\n\t\t\t<div class=\"elementor-widget-wrap elementor-element-populated\">\n\t\t\t\t\t\t<div class=\"elementor-element elementor-element-6b48c8db elementor-widget elementor-widget-text-editor\" data-id=\"6b48c8db\" data-element_type=\"widget\" data-widget_type=\"text-editor.default\">\n\t\t\t\t<div class=\"elementor-widget-container\">\n\t\t\t\t\t\t\t<p style=\"text-align: justify;\">F\u00f8rste opgave for projektet er identificering af behov og specifikke karakteristika for \u00e6ldre der besidder mentale dysfunktioner.<\/p>\n<p style=\"text-align: justify;\">M\u00e5let for denne opgave er at tegne et kort der klart viser:<\/p>\n<ul style=\"text-align: justify;\">\n<li>De slags bio-psyko-sociale behov m\u00e5lgruppen af \u00e6ldre har.<\/li>\n<li>De prim\u00e6re karakteristika \u00e6ldre med mentale dysfunktioner har og forskellen mellem disse og karakteristika for hele aldersgruppen.<\/li>\n<li>De tekniske f\u00e6rdigheder professionelle der arbejder med \u00e6ldre der besidder mentale dysfunktioner.<\/li>\n<li>De passende ergonomiske og kognitive adgangstilpasninger der skal til for at m\u00f8de de behov der er identificeret.<\/li>\n<\/ul>\n<p style=\"text-align: justify;\">Erhvervsuddannelsescentre, enheder og organisationer der arbejder med folk med handicap, er dem der vil f\u00e5 mest ud af den samlede information.<\/p>\n\t\t\t\t\t\t<\/div>\n\t\t\t\t<\/div>\n\t\t\t\t\t<\/div>\n\t\t<\/div>\n\t\t\t\t<div class=\"elementor-column elementor-col-33 elementor-top-column elementor-element elementor-element-5fe7092d\" data-id=\"5fe7092d\" data-element_type=\"column\">\n\t\t\t<div class=\"elementor-widget-wrap elementor-element-populated\">\n\t\t\t\t\t\t<div class=\"elementor-element elementor-element-7e9782b2 elementor-widget elementor-widget-image\" data-id=\"7e9782b2\" data-element_type=\"widget\" data-widget_type=\"image.default\">\n\t\t\t\t<div class=\"elementor-widget-container\">\n\t\t\t\t\t\t\t\t\t\t\t\t\t<img fetchpriority=\"high\" decoding=\"async\" width=\"800\" height=\"800\" src=\"https:\/\/active-ageing.training\/wp-content\/uploads\/2021\/02\/confused-grandma.jpg\" class=\"attachment-large size-large wp-image-808\" alt=\"Active Ageing elder woman confused\" srcset=\"https:\/\/active-ageing.training\/wp-content\/uploads\/2021\/02\/confused-grandma.jpg 800w, https:\/\/active-ageing.training\/wp-content\/uploads\/2021\/02\/confused-grandma-300x300.jpg 300w, https:\/\/active-ageing.training\/wp-content\/uploads\/2021\/02\/confused-grandma-150x150.jpg 150w, https:\/\/active-ageing.training\/wp-content\/uploads\/2021\/02\/confused-grandma-768x768.jpg 768w\" sizes=\"(max-width: 800px) 100vw, 800px\" \/>\t\t\t\t\t\t\t\t\t\t\t\t\t<\/div>\n\t\t\t\t<\/div>\n\t\t\t\t\t<\/div>\n\t\t<\/div>\n\t\t\t\t\t<\/div>\n\t\t<\/section>\n\t\t\t\t<section class=\"elementor-section elementor-top-section elementor-element elementor-element-68898c0 elementor-section-boxed elementor-section-height-default elementor-section-height-default\" data-id=\"68898c0\" data-element_type=\"section\" data-settings=\"{&quot;_ha_eqh_enable&quot;:false}\">\n\t\t\t\t\t\t<div class=\"elementor-container elementor-column-gap-default\">\n\t\t\t\t\t<div class=\"elementor-column elementor-col-100 elementor-top-column elementor-element elementor-element-48ab2de\" data-id=\"48ab2de\" data-element_type=\"column\">\n\t\t\t<div class=\"elementor-widget-wrap elementor-element-populated\">\n\t\t\t\t\t\t<div class=\"elementor-element elementor-element-923cca4 elementor-headline--style-highlight elementor-widget elementor-widget-animated-headline\" data-id=\"923cca4\" data-element_type=\"widget\" data-settings=\"{&quot;marker&quot;:&quot;underline&quot;,&quot;highlighted_text&quot;:&quot;soon&quot;,&quot;headline_style&quot;:&quot;highlight&quot;,&quot;loop&quot;:&quot;yes&quot;,&quot;highlight_animation_duration&quot;:1200,&quot;highlight_iteration_delay&quot;:8000}\" data-widget_type=\"animated-headline.default\">\n\t\t\t\t<div class=\"elementor-widget-container\">\n\t\t\t\t\t<h3 class=\"elementor-headline\">\n\t\t\t\t\t<span class=\"elementor-headline-plain-text elementor-headline-text-wrapper\">coming<\/span>\n\t\t\t\t<span class=\"elementor-headline-dynamic-wrapper elementor-headline-text-wrapper\">\n\t\t\t\t\t<span class=\"elementor-headline-dynamic-text elementor-headline-text-active\">soon<\/span>\n\t\t\t\t<\/span>\n\t\t\t\t<\/h3>\n\t\t\t\t<\/div>\n\t\t\t\t<\/div>\n\t\t\t\t\t<\/div>\n\t\t<\/div>\n\t\t\t\t\t<\/div>\n\t\t<\/section>\n\t\t\t\t<\/div>\n\t\t","protected":false},"excerpt":{"rendered":"<p>Identificering af behov og karakteristika for \u00e6ldre med mentale dysfunktioner F\u00f8rste opgave for projektet er identificering af behov og specifikke karakteristika for \u00e6ldre der besidder mentale dysfunktioner. M\u00e5let for denne opgave er at tegne et kort der klart viser: De slags bio-psyko-sociale behov m\u00e5lgruppen af \u00e6ldre har. De prim\u00e6re karakteristika \u00e6ldre med mentale dysfunktioner har [&hellip;]<\/p>\n","protected":false},"author":1,"featured_media":1762,"parent":0,"menu_order":0,"comment_status":"closed","ping_status":"closed","template":"","meta":{"inline_featured_image":false,"site-sidebar-layout":"no-sidebar","site-content-layout":"page-builder","ast-site-content-layout":"","site-content-style":"default","site-sidebar-style":"default","ast-global-header-display":"","ast-banner-title-visibility":"","ast-main-header-display":"","ast-hfb-above-header-display":"","ast-hfb-below-header-display":"","ast-hfb-mobile-header-display":"","site-post-title":"disabled","ast-breadcrumbs-content":"","ast-featured-img":"disabled","footer-sml-layout":"","theme-transparent-header-meta":"default","adv-header-id-meta":"","stick-header-meta":"","header-above-stick-meta":"","header-main-stick-meta":"","header-below-stick-meta":"","astra-migrate-meta-layouts":"default","ast-page-background-enabled":"default","ast-page-background-meta":{"desktop":{"background-color":"","background-image":"","background-repeat":"repeat","background-position":"center center","background-size":"auto","background-attachment":"scroll","background-type":"","background-media":"","overlay-type":"","overlay-color":"","overlay-opacity":"","overlay-gradient":""},"tablet":{"background-color":"","background-image":"","background-repeat":"repeat","background-position":"center center","background-size":"auto","background-attachment":"scroll","background-type":"","background-media":"","overlay-type":"","overlay-color":"","overlay-opacity":"","overlay-gradient":""},"mobile":{"background-color":"","background-image":"","background-repeat":"repeat","background-position":"center center","background-size":"auto","background-attachment":"scroll","background-type":"","background-media":"","overlay-type":"","overlay-color":"","overlay-opacity":"","overlay-gradient":""}},"ast-content-background-meta":{"desktop":{"background-color":"var(--ast-global-color-5)","background-image":"","background-repeat":"repeat","background-position":"center center","background-size":"auto","background-attachment":"scroll","background-type":"","background-media":"","overlay-type":"","overlay-color":"","overlay-opacity":"","overlay-gradient":""},"tablet":{"background-color":"var(--ast-global-color-5)","background-image":"","background-repeat":"repeat","background-position":"center center","background-size":"auto","background-attachment":"scroll","background-type":"","background-media":"","overlay-type":"","overlay-color":"","overlay-opacity":"","overlay-gradient":""},"mobile":{"background-color":"var(--ast-global-color-5)","background-image":"","background-repeat":"repeat","background-position":"center center","background-size":"auto","background-attachment":"scroll","background-type":"","background-media":"","overlay-type":"","overlay-color":"","overlay-opacity":"","overlay-gradient":""}},"footnotes":""},"class_list":["post-807","page","type-page","status-publish","has-post-thumbnail","hentry"],"_links":{"self":[{"href":"https:\/\/active-ageing.training\/da\/wp-json\/wp\/v2\/pages\/807","targetHints":{"allow":["GET"]}}],"collection":[{"href":"https:\/\/active-ageing.training\/da\/wp-json\/wp\/v2\/pages"}],"about":[{"href":"https:\/\/active-ageing.training\/da\/wp-json\/wp\/v2\/types\/page"}],"author":[{"embeddable":true,"href":"https:\/\/active-ageing.training\/da\/wp-json\/wp\/v2\/users\/1"}],"replies":[{"embeddable":true,"href":"https:\/\/active-ageing.training\/da\/wp-json\/wp\/v2\/comments?post=807"}],"version-history":[{"count":7,"href":"https:\/\/active-ageing.training\/da\/wp-json\/wp\/v2\/pages\/807\/revisions"}],"predecessor-version":[{"id":1859,"href":"https:\/\/active-ageing.training\/da\/wp-json\/wp\/v2\/pages\/807\/revisions\/1859"}],"wp:featuredmedia":[{"embeddable":true,"href":"https:\/\/active-ageing.training\/da\/wp-json\/wp\/v2\/media\/1762"}],"wp:attachment":[{"href":"https:\/\/active-ageing.training\/da\/wp-json\/wp\/v2\/media?parent=807"}],"curies":[{"name":"wp","href":"https:\/\/api.w.org\/{rel}","templated":true}]}}