{"id":803,"date":"2021-04-26T12:03:20","date_gmt":"2021-04-26T12:03:20","guid":{"rendered":"https:\/\/active-ageing.training\/pensum-for-erhvervsuddannelserne\/"},"modified":"2022-07-05T05:47:45","modified_gmt":"2022-07-05T05:47:45","slug":"pensum-for-erhvervsuddannelserne","status":"publish","type":"page","link":"https:\/\/active-ageing.training\/da\/pensum-for-erhvervsuddannelserne\/","title":{"rendered":"Pensum for erhvervsuddannelserne"},"content":{"rendered":"\t\t<div data-elementor-type=\"wp-page\" data-elementor-id=\"803\" class=\"elementor elementor-803 elementor-350\" data-elementor-post-type=\"page\">\n\t\t\t\t\t\t<section class=\"elementor-section elementor-top-section elementor-element elementor-element-11668eb elementor-section-boxed elementor-section-height-default elementor-section-height-default\" data-id=\"11668eb\" data-element_type=\"section\" data-settings=\"{&quot;_ha_eqh_enable&quot;:false}\">\n\t\t\t\t\t\t<div class=\"elementor-container elementor-column-gap-default\">\n\t\t\t\t\t<div class=\"elementor-column elementor-col-100 elementor-top-column elementor-element elementor-element-e28e2fa\" data-id=\"e28e2fa\" data-element_type=\"column\">\n\t\t\t<div class=\"elementor-widget-wrap\">\n\t\t\t\t\t\t\t<\/div>\n\t\t<\/div>\n\t\t\t\t\t<\/div>\n\t\t<\/section>\n\t\t\t\t<section class=\"elementor-section elementor-top-section elementor-element elementor-element-5adae9e elementor-section-boxed elementor-section-height-default elementor-section-height-default\" data-id=\"5adae9e\" data-element_type=\"section\" data-settings=\"{&quot;_ha_eqh_enable&quot;:false}\">\n\t\t\t\t\t\t<div class=\"elementor-container elementor-column-gap-default\">\n\t\t\t\t\t<div class=\"elementor-column elementor-col-100 elementor-top-column elementor-element elementor-element-6c80b27\" data-id=\"6c80b27\" data-element_type=\"column\">\n\t\t\t<div class=\"elementor-widget-wrap elementor-element-populated\">\n\t\t\t\t\t\t<div class=\"elementor-element elementor-element-00c2425 elementor-widget elementor-widget-spacer\" data-id=\"00c2425\" data-element_type=\"widget\" data-widget_type=\"spacer.default\">\n\t\t\t\t<div class=\"elementor-widget-container\">\n\t\t\t\t\t<div class=\"elementor-spacer\">\n\t\t\t<div class=\"elementor-spacer-inner\"><\/div>\n\t\t<\/div>\n\t\t\t\t<\/div>\n\t\t\t\t<\/div>\n\t\t\t\t<div class=\"elementor-element elementor-element-aa34288 elementor-widget elementor-widget-heading\" data-id=\"aa34288\" data-element_type=\"widget\" data-widget_type=\"heading.default\">\n\t\t\t\t<div class=\"elementor-widget-container\">\n\t\t\t<h2 class=\"elementor-heading-title elementor-size-default\">Pensum for erhvervsuddannelserne<\/h2>\t\t<\/div>\n\t\t\t\t<\/div>\n\t\t\t\t<div class=\"elementor-element elementor-element-ec913e0 elementor-widget-divider--view-line elementor-widget elementor-widget-divider\" data-id=\"ec913e0\" data-element_type=\"widget\" data-widget_type=\"divider.default\">\n\t\t\t\t<div class=\"elementor-widget-container\">\n\t\t\t\t\t<div class=\"elementor-divider\">\n\t\t\t<span class=\"elementor-divider-separator\">\n\t\t\t\t\t\t<\/span>\n\t\t<\/div>\n\t\t\t\t<\/div>\n\t\t\t\t<\/div>\n\t\t\t\t\t<\/div>\n\t\t<\/div>\n\t\t\t\t\t<\/div>\n\t\t<\/section>\n\t\t\t\t<section class=\"elementor-section elementor-top-section elementor-element elementor-element-134ff29 elementor-section-height-default elementor-section-content-middle elementor-section-boxed elementor-section-height-default\" data-id=\"134ff29\" data-element_type=\"section\" data-settings=\"{&quot;_ha_eqh_enable&quot;:false}\">\n\t\t\t\t\t\t<div class=\"elementor-container elementor-column-gap-default\">\n\t\t\t\t\t<div class=\"elementor-column elementor-col-66 elementor-inner-column elementor-element elementor-element-59e54f1c\" data-id=\"59e54f1c\" data-element_type=\"column\">\n\t\t\t<div class=\"elementor-widget-wrap elementor-element-populated\">\n\t\t\t\t\t\t<div class=\"elementor-element elementor-element-76e2f620 elementor-widget elementor-widget-text-editor\" data-id=\"76e2f620\" data-element_type=\"widget\" data-widget_type=\"text-editor.default\">\n\t\t\t\t<div class=\"elementor-widget-container\">\n\t\t\t\t\t\t\t<p style=\"text-align: justify;\">Det prim\u00e6re m\u00e5l for pensum er at give underviserne alle de tekniske f\u00e6rdigheder de skal bruge for optimalt at undervise de studerende p\u00e5 erhvervsuddannelserne, som bliver de fremtidige professionelle i det gerontologiske felt. Det inkluderer:<\/p>\n<ul style=\"text-align: justify;\">\n<li>Specifikt arbejde med m\u00e5lgruppen ift. bio-psyko-social pleje.<\/li>\n<li>At opfordre til en konceptuel tilgang til arbejde med \u00e6ldre, der besidder mentale dysfunktioner<\/li>\n<li>Opfattende pleje til \u00e6ldre med mentale dysfunktioner<\/li>\n<li>Metodologisk planl\u00e6gning af undervisningen.<\/li>\n<li>Pensumdesign til undervisningen: generelle og specifikke m\u00e5l, indhold og aktiviteter.<\/li>\n<\/ul>\n<p style=\"text-align: justify;\">Dette pensum giver underviserne den mest fuldkomne undervisning som muligt og vil d\u00e6kke alle aspekter af pleje, inklusiv fysisk sundhed, psykisk sundhed og f\u00f8lelsesm\u00e6ssigt velv\u00e6re. Pensum har ogs\u00e5 ekstra materiale, der giver underviserne mulighed for at illustrere de koncepter der undervises i mere klart.\u00a0 Det vil v\u00e6re en samling af praktiske ressourcer, instrumenter og metoder, der st\u00f8tter undervisernes tr\u00e6ning.<\/p>\n\t\t\t\t\t\t<\/div>\n\t\t\t\t<\/div>\n\t\t\t\t\t<\/div>\n\t\t<\/div>\n\t\t\t\t<div class=\"elementor-column elementor-col-33 elementor-top-column elementor-element elementor-element-5658fd02\" data-id=\"5658fd02\" data-element_type=\"column\">\n\t\t\t<div class=\"elementor-widget-wrap elementor-element-populated\">\n\t\t\t\t\t\t<div class=\"elementor-element elementor-element-6e31a7ff elementor-widget elementor-widget-image\" data-id=\"6e31a7ff\" data-element_type=\"widget\" data-widget_type=\"image.default\">\n\t\t\t\t<div class=\"elementor-widget-container\">\n\t\t\t\t\t\t\t\t\t\t\t\t\t<img fetchpriority=\"high\" decoding=\"async\" width=\"800\" height=\"800\" src=\"https:\/\/active-ageing.training\/wp-content\/uploads\/2021\/02\/Curriculum-banner-800px.jpg\" class=\"attachment-large size-large wp-image-804\" alt=\"Active Ageing trainer with thumbgs up\" srcset=\"https:\/\/active-ageing.training\/wp-content\/uploads\/2021\/02\/Curriculum-banner-800px.jpg 800w, https:\/\/active-ageing.training\/wp-content\/uploads\/2021\/02\/Curriculum-banner-800px-300x300.jpg 300w, https:\/\/active-ageing.training\/wp-content\/uploads\/2021\/02\/Curriculum-banner-800px-150x150.jpg 150w, https:\/\/active-ageing.training\/wp-content\/uploads\/2021\/02\/Curriculum-banner-800px-768x768.jpg 768w\" sizes=\"(max-width: 800px) 100vw, 800px\" \/>\t\t\t\t\t\t\t\t\t\t\t\t\t<\/div>\n\t\t\t\t<\/div>\n\t\t\t\t\t<\/div>\n\t\t<\/div>\n\t\t\t\t\t<\/div>\n\t\t<\/section>\n\t\t\t\t<section class=\"elementor-section elementor-top-section elementor-element elementor-element-6d6cfda elementor-section-boxed elementor-section-height-default elementor-section-height-default\" data-id=\"6d6cfda\" data-element_type=\"section\" data-settings=\"{&quot;_ha_eqh_enable&quot;:false}\">\n\t\t\t\t\t\t<div class=\"elementor-container elementor-column-gap-default\">\n\t\t\t\t\t<div class=\"elementor-column elementor-col-100 elementor-top-column elementor-element elementor-element-b4ec62c\" data-id=\"b4ec62c\" data-element_type=\"column\">\n\t\t\t<div class=\"elementor-widget-wrap elementor-element-populated\">\n\t\t\t\t\t\t<div class=\"elementor-element elementor-element-dceff41 elementor-headline--style-highlight elementor-widget elementor-widget-animated-headline\" data-id=\"dceff41\" data-element_type=\"widget\" data-settings=\"{&quot;marker&quot;:&quot;underline&quot;,&quot;highlighted_text&quot;:&quot;soon&quot;,&quot;headline_style&quot;:&quot;highlight&quot;,&quot;loop&quot;:&quot;yes&quot;,&quot;highlight_animation_duration&quot;:1200,&quot;highlight_iteration_delay&quot;:8000}\" data-widget_type=\"animated-headline.default\">\n\t\t\t\t<div class=\"elementor-widget-container\">\n\t\t\t\t\t<h3 class=\"elementor-headline\">\n\t\t\t\t\t<span class=\"elementor-headline-plain-text elementor-headline-text-wrapper\">coming<\/span>\n\t\t\t\t<span class=\"elementor-headline-dynamic-wrapper elementor-headline-text-wrapper\">\n\t\t\t\t\t<span class=\"elementor-headline-dynamic-text elementor-headline-text-active\">soon<\/span>\n\t\t\t\t<\/span>\n\t\t\t\t<\/h3>\n\t\t\t\t<\/div>\n\t\t\t\t<\/div>\n\t\t\t\t\t<\/div>\n\t\t<\/div>\n\t\t\t\t\t<\/div>\n\t\t<\/section>\n\t\t\t\t<\/div>\n\t\t","protected":false},"excerpt":{"rendered":"<p>Pensum for erhvervsuddannelserne Det prim\u00e6re m\u00e5l for pensum er at give underviserne alle de tekniske f\u00e6rdigheder de skal bruge for optimalt at undervise de studerende p\u00e5 erhvervsuddannelserne, som bliver de fremtidige professionelle i det gerontologiske felt. Det inkluderer: Specifikt arbejde med m\u00e5lgruppen ift. bio-psyko-social pleje. At opfordre til en konceptuel tilgang til arbejde med \u00e6ldre, [&hellip;]<\/p>\n","protected":false},"author":1,"featured_media":1794,"parent":0,"menu_order":0,"comment_status":"closed","ping_status":"closed","template":"elementor_header_footer","meta":{"inline_featured_image":false,"site-sidebar-layout":"no-sidebar","site-content-layout":"page-builder","ast-site-content-layout":"","site-content-style":"default","site-sidebar-style":"default","ast-global-header-display":"","ast-banner-title-visibility":"","ast-main-header-display":"","ast-hfb-above-header-display":"","ast-hfb-below-header-display":"","ast-hfb-mobile-header-display":"","site-post-title":"disabled","ast-breadcrumbs-content":"","ast-featured-img":"disabled","footer-sml-layout":"","theme-transparent-header-meta":"default","adv-header-id-meta":"","stick-header-meta":"","header-above-stick-meta":"","header-main-stick-meta":"","header-below-stick-meta":"","astra-migrate-meta-layouts":"default","ast-page-background-enabled":"default","ast-page-background-meta":{"desktop":{"background-color":"","background-image":"","background-repeat":"repeat","background-position":"center center","background-size":"auto","background-attachment":"scroll","background-type":"","background-media":"","overlay-type":"","overlay-color":"","overlay-opacity":"","overlay-gradient":""},"tablet":{"background-color":"","background-image":"","background-repeat":"repeat","background-position":"center center","background-size":"auto","background-attachment":"scroll","background-type":"","background-media":"","overlay-type":"","overlay-color":"","overlay-opacity":"","overlay-gradient":""},"mobile":{"background-color":"","background-image":"","background-repeat":"repeat","background-position":"center center","background-size":"auto","background-attachment":"scroll","background-type":"","background-media":"","overlay-type":"","overlay-color":"","overlay-opacity":"","overlay-gradient":""}},"ast-content-background-meta":{"desktop":{"background-color":"var(--ast-global-color-5)","background-image":"","background-repeat":"repeat","background-position":"center center","background-size":"auto","background-attachment":"scroll","background-type":"","background-media":"","overlay-type":"","overlay-color":"","overlay-opacity":"","overlay-gradient":""},"tablet":{"background-color":"var(--ast-global-color-5)","background-image":"","background-repeat":"repeat","background-position":"center center","background-size":"auto","background-attachment":"scroll","background-type":"","background-media":"","overlay-type":"","overlay-color":"","overlay-opacity":"","overlay-gradient":""},"mobile":{"background-color":"var(--ast-global-color-5)","background-image":"","background-repeat":"repeat","background-position":"center center","background-size":"auto","background-attachment":"scroll","background-type":"","background-media":"","overlay-type":"","overlay-color":"","overlay-opacity":"","overlay-gradient":""}},"footnotes":""},"class_list":["post-803","page","type-page","status-publish","has-post-thumbnail","hentry"],"_links":{"self":[{"href":"https:\/\/active-ageing.training\/da\/wp-json\/wp\/v2\/pages\/803","targetHints":{"allow":["GET"]}}],"collection":[{"href":"https:\/\/active-ageing.training\/da\/wp-json\/wp\/v2\/pages"}],"about":[{"href":"https:\/\/active-ageing.training\/da\/wp-json\/wp\/v2\/types\/page"}],"author":[{"embeddable":true,"href":"https:\/\/active-ageing.training\/da\/wp-json\/wp\/v2\/users\/1"}],"replies":[{"embeddable":true,"href":"https:\/\/active-ageing.training\/da\/wp-json\/wp\/v2\/comments?post=803"}],"version-history":[{"count":7,"href":"https:\/\/active-ageing.training\/da\/wp-json\/wp\/v2\/pages\/803\/revisions"}],"predecessor-version":[{"id":1862,"href":"https:\/\/active-ageing.training\/da\/wp-json\/wp\/v2\/pages\/803\/revisions\/1862"}],"wp:featuredmedia":[{"embeddable":true,"href":"https:\/\/active-ageing.training\/da\/wp-json\/wp\/v2\/media\/1794"}],"wp:attachment":[{"href":"https:\/\/active-ageing.training\/da\/wp-json\/wp\/v2\/media?parent=803"}],"curies":[{"name":"wp","href":"https:\/\/api.w.org\/{rel}","templated":true}]}}