{"id":5611,"date":"2023-05-05T10:46:27","date_gmt":"2023-05-05T10:46:27","guid":{"rendered":"https:\/\/active-ageing.training\/kurser\/"},"modified":"2023-05-11T12:15:30","modified_gmt":"2023-05-11T12:15:30","slug":"kurser","status":"publish","type":"page","link":"https:\/\/active-ageing.training\/da\/kurser\/","title":{"rendered":"kurser"},"content":{"rendered":"\t\t<div data-elementor-type=\"wp-page\" data-elementor-id=\"5611\" class=\"elementor elementor-5611 elementor-5597\" data-elementor-post-type=\"page\">\n\t\t\t\t\t\t<section class=\"elementor-section elementor-top-section elementor-element elementor-element-f6b4520 elementor-section-boxed elementor-section-height-default elementor-section-height-default\" data-id=\"f6b4520\" data-element_type=\"section\" data-settings=\"{&quot;_ha_eqh_enable&quot;:false}\">\n\t\t\t\t\t\t<div class=\"elementor-container elementor-column-gap-default\">\n\t\t\t\t\t<div class=\"elementor-column elementor-col-100 elementor-top-column elementor-element elementor-element-b503582\" data-id=\"b503582\" data-element_type=\"column\">\n\t\t\t<div class=\"elementor-widget-wrap elementor-element-populated\">\n\t\t\t\t\t\t<div class=\"elementor-element elementor-element-a176149 elementor-widget elementor-widget-spacer\" data-id=\"a176149\" data-element_type=\"widget\" data-widget_type=\"spacer.default\">\n\t\t\t\t<div class=\"elementor-widget-container\">\n\t\t\t\t\t<div class=\"elementor-spacer\">\n\t\t\t<div class=\"elementor-spacer-inner\"><\/div>\n\t\t<\/div>\n\t\t\t\t<\/div>\n\t\t\t\t<\/div>\n\t\t\t\t\t<\/div>\n\t\t<\/div>\n\t\t\t\t\t<\/div>\n\t\t<\/section>\n\t\t\t\t<section class=\"elementor-section elementor-top-section elementor-element elementor-element-138454e elementor-section-boxed elementor-section-height-default elementor-section-height-default\" data-id=\"138454e\" data-element_type=\"section\" data-settings=\"{&quot;_ha_eqh_enable&quot;:false}\">\n\t\t\t\t\t\t<div class=\"elementor-container elementor-column-gap-default\">\n\t\t\t\t\t<div class=\"elementor-column elementor-col-33 elementor-top-column elementor-element elementor-element-67a665a\" data-id=\"67a665a\" data-element_type=\"column\">\n\t\t\t<div class=\"elementor-widget-wrap elementor-element-populated\">\n\t\t\t\t\t\t<div class=\"elementor-element elementor-element-44ff266 elementor-widget__width-initial elementor-widget elementor-widget-image\" data-id=\"44ff266\" data-element_type=\"widget\" data-widget_type=\"image.default\">\n\t\t\t\t<div class=\"elementor-widget-container\">\n\t\t\t\t\t\t\t\t\t\t\t\t\t\t<a href=\"https:\/\/active-ageing.training\/da\/courses\/aida-traening-for-ikke-professionelle\/\">\n\t\t\t\t\t\t\t<img fetchpriority=\"high\" decoding=\"async\" width=\"1200\" height=\"630\" src=\"https:\/\/active-ageing.training\/wp-content\/uploads\/2023\/05\/featured-1200x630-1.jpg\" class=\"attachment-full size-full wp-image-5599\" alt=\"\" srcset=\"https:\/\/active-ageing.training\/wp-content\/uploads\/2023\/05\/featured-1200x630-1.jpg 1200w, https:\/\/active-ageing.training\/wp-content\/uploads\/2023\/05\/featured-1200x630-1-300x158.jpg 300w, https:\/\/active-ageing.training\/wp-content\/uploads\/2023\/05\/featured-1200x630-1-1024x538.jpg 1024w, https:\/\/active-ageing.training\/wp-content\/uploads\/2023\/05\/featured-1200x630-1-768x403.jpg 768w\" sizes=\"(max-width: 1200px) 100vw, 1200px\" \/>\t\t\t\t\t\t\t\t<\/a>\n\t\t\t\t\t\t\t\t\t\t\t\t\t<\/div>\n\t\t\t\t<\/div>\n\t\t\t\t<div class=\"elementor-element elementor-element-bb80cf3 elementor-widget elementor-widget-heading\" data-id=\"bb80cf3\" data-element_type=\"widget\" data-widget_type=\"heading.default\">\n\t\t\t\t<div class=\"elementor-widget-container\">\n\t\t\t<h3 class=\"elementor-heading-title elementor-size-default\"><a href=\"https:\/\/active-ageing.training\/da\/courses\/aida-traening-for-ikke-professionelle\/\">AIDA tr\u00e6ning for ikke-professionelle<\/a><\/h3>\t\t<\/div>\n\t\t\t\t<\/div>\n\t\t\t\t<div class=\"elementor-element elementor-element-7f208f0 elementor-widget elementor-widget-text-editor\" data-id=\"7f208f0\" data-element_type=\"widget\" data-widget_type=\"text-editor.default\">\n\t\t\t\t<div class=\"elementor-widget-container\">\n\t\t\t\t\t\t\t<p>Velkommen til det informative og engagerende l\u00e6ringskursus designet til dem, der ikke er professionelle omsorgspersoner, men er interesserede i at l\u00e6re, hvordan man bedre kan st\u00f8tte og interagere med den \u00e6ldre befolkning med intellektuelle handicap (ID).<\/p>\t\t\t\t\t\t<\/div>\n\t\t\t\t<\/div>\n\t\t\t\t<div class=\"elementor-element elementor-element-9218a8a elementor-align-center elementor-widget elementor-widget-button\" data-id=\"9218a8a\" data-element_type=\"widget\" data-widget_type=\"button.default\">\n\t\t\t\t<div class=\"elementor-widget-container\">\n\t\t\t\t\t<div class=\"elementor-button-wrapper\">\n\t\t\t<a class=\"elementor-button elementor-button-link elementor-size-sm\" href=\"https:\/\/active-ageing.training\/da\/courses\/aida-traening-for-ikke-professionelle\/\">\n\t\t\t\t\t\t<span class=\"elementor-button-content-wrapper\">\n\t\t\t\t\t\t\t\t\t<span class=\"elementor-button-text\">L\u00e6s mere<\/span>\n\t\t\t\t\t<\/span>\n\t\t\t\t\t<\/a>\n\t\t<\/div>\n\t\t\t\t<\/div>\n\t\t\t\t<\/div>\n\t\t\t\t\t<\/div>\n\t\t<\/div>\n\t\t\t\t<div class=\"elementor-column elementor-col-33 elementor-top-column elementor-element elementor-element-6b90dad\" data-id=\"6b90dad\" data-element_type=\"column\">\n\t\t\t<div class=\"elementor-widget-wrap elementor-element-populated\">\n\t\t\t\t\t\t<div class=\"elementor-element elementor-element-451e007 elementor-hidden-desktop elementor-widget elementor-widget-spacer\" data-id=\"451e007\" data-element_type=\"widget\" data-widget_type=\"spacer.default\">\n\t\t\t\t<div class=\"elementor-widget-container\">\n\t\t\t\t\t<div class=\"elementor-spacer\">\n\t\t\t<div class=\"elementor-spacer-inner\"><\/div>\n\t\t<\/div>\n\t\t\t\t<\/div>\n\t\t\t\t<\/div>\n\t\t\t\t\t<\/div>\n\t\t<\/div>\n\t\t\t\t<div class=\"elementor-column elementor-col-33 elementor-top-column elementor-element elementor-element-ed2d586\" data-id=\"ed2d586\" data-element_type=\"column\">\n\t\t\t<div class=\"elementor-widget-wrap elementor-element-populated\">\n\t\t\t\t\t\t<div class=\"elementor-element elementor-element-b6a5de6 elementor-widget__width-initial elementor-widget elementor-widget-image\" data-id=\"b6a5de6\" data-element_type=\"widget\" data-widget_type=\"image.default\">\n\t\t\t\t<div class=\"elementor-widget-container\">\n\t\t\t\t\t\t\t\t\t\t\t\t\t\t<a href=\"https:\/\/active-ageing.training\/da\/courses\/aida-uddannelse-for-professionelle\/\">\n\t\t\t\t\t\t\t<img decoding=\"async\" width=\"1200\" height=\"630\" src=\"https:\/\/active-ageing.training\/wp-content\/uploads\/2022\/04\/AIDA_Elders_With_ID_featured_image.jpg\" class=\"attachment-full size-full wp-image-1762\" alt=\"\" srcset=\"https:\/\/active-ageing.training\/wp-content\/uploads\/2022\/04\/AIDA_Elders_With_ID_featured_image.jpg 1200w, https:\/\/active-ageing.training\/wp-content\/uploads\/2022\/04\/AIDA_Elders_With_ID_featured_image-300x158.jpg 300w, https:\/\/active-ageing.training\/wp-content\/uploads\/2022\/04\/AIDA_Elders_With_ID_featured_image-1024x538.jpg 1024w, https:\/\/active-ageing.training\/wp-content\/uploads\/2022\/04\/AIDA_Elders_With_ID_featured_image-768x403.jpg 768w\" sizes=\"(max-width: 1200px) 100vw, 1200px\" \/>\t\t\t\t\t\t\t\t<\/a>\n\t\t\t\t\t\t\t\t\t\t\t\t\t<\/div>\n\t\t\t\t<\/div>\n\t\t\t\t<div class=\"elementor-element elementor-element-3602c2d elementor-widget elementor-widget-heading\" data-id=\"3602c2d\" data-element_type=\"widget\" data-widget_type=\"heading.default\">\n\t\t\t\t<div class=\"elementor-widget-container\">\n\t\t\t<h3 class=\"elementor-heading-title elementor-size-default\"><a href=\"https:\/\/active-ageing.training\/da\/courses\/aida-uddannelse-for-professionelle\/\">AIDA-uddannelse for professionelle<\/a><\/h3>\t\t<\/div>\n\t\t\t\t<\/div>\n\t\t\t\t<div class=\"elementor-element elementor-element-3f3b4b7 elementor-widget elementor-widget-text-editor\" data-id=\"3f3b4b7\" data-element_type=\"widget\" data-widget_type=\"text-editor.default\">\n\t\t\t\t<div class=\"elementor-widget-container\">\n\t\t\t\t\t\t\t<p>Velkommen til det innovative og banebrydende tr\u00e6ningsforl\u00f8b designet til fagfolk, der arbejder med \u00e6ldre befolkning med intellektuelle handicap (ID).<\/p>\t\t\t\t\t\t<\/div>\n\t\t\t\t<\/div>\n\t\t\t\t<div class=\"elementor-element elementor-element-952a573 elementor-align-center elementor-widget elementor-widget-button\" data-id=\"952a573\" data-element_type=\"widget\" data-widget_type=\"button.default\">\n\t\t\t\t<div class=\"elementor-widget-container\">\n\t\t\t\t\t<div class=\"elementor-button-wrapper\">\n\t\t\t<a class=\"elementor-button elementor-button-link elementor-size-sm\" href=\"https:\/\/active-ageing.training\/da\/courses\/aida-uddannelse-for-professionelle\/\">\n\t\t\t\t\t\t<span class=\"elementor-button-content-wrapper\">\n\t\t\t\t\t\t\t\t\t<span class=\"elementor-button-text\">L\u00e6s mere<\/span>\n\t\t\t\t\t<\/span>\n\t\t\t\t\t<\/a>\n\t\t<\/div>\n\t\t\t\t<\/div>\n\t\t\t\t<\/div>\n\t\t\t\t\t<\/div>\n\t\t<\/div>\n\t\t\t\t\t<\/div>\n\t\t<\/section>\n\t\t\t\t<section class=\"elementor-section elementor-top-section elementor-element elementor-element-825ba81 elementor-section-boxed elementor-section-height-default elementor-section-height-default\" data-id=\"825ba81\" data-element_type=\"section\" data-settings=\"{&quot;_ha_eqh_enable&quot;:false}\">\n\t\t\t\t\t\t<div class=\"elementor-container elementor-column-gap-default\">\n\t\t\t\t\t<div class=\"elementor-column elementor-col-100 elementor-top-column elementor-element elementor-element-e5cd691\" data-id=\"e5cd691\" data-element_type=\"column\">\n\t\t\t<div class=\"elementor-widget-wrap elementor-element-populated\">\n\t\t\t\t\t\t<div class=\"elementor-element elementor-element-ba55afb elementor-widget elementor-widget-spacer\" data-id=\"ba55afb\" data-element_type=\"widget\" data-widget_type=\"spacer.default\">\n\t\t\t\t<div class=\"elementor-widget-container\">\n\t\t\t\t\t<div class=\"elementor-spacer\">\n\t\t\t<div class=\"elementor-spacer-inner\"><\/div>\n\t\t<\/div>\n\t\t\t\t<\/div>\n\t\t\t\t<\/div>\n\t\t\t\t\t<\/div>\n\t\t<\/div>\n\t\t\t\t\t<\/div>\n\t\t<\/section>\n\t\t\t\t<\/div>\n\t\t","protected":false},"excerpt":{"rendered":"<p>AIDA tr\u00e6ning for ikke-professionelle Velkommen til det informative og engagerende l\u00e6ringskursus designet til dem, der ikke er professionelle omsorgspersoner, men er interesserede i at l\u00e6re, hvordan man bedre kan st\u00f8tte og interagere med den \u00e6ldre befolkning med intellektuelle handicap (ID). L\u00e6s mere AIDA-uddannelse for professionelle Velkommen til det innovative og banebrydende tr\u00e6ningsforl\u00f8b designet til fagfolk, [&hellip;]<\/p>\n","protected":false},"author":7,"featured_media":1766,"parent":0,"menu_order":0,"comment_status":"closed","ping_status":"closed","template":"","meta":{"inline_featured_image":false,"site-sidebar-layout":"no-sidebar","site-content-layout":"page-builder","ast-site-content-layout":"","site-content-style":"default","site-sidebar-style":"default","ast-global-header-display":"","ast-banner-title-visibility":"","ast-main-header-display":"","ast-hfb-above-header-display":"","ast-hfb-below-header-display":"","ast-hfb-mobile-header-display":"","site-post-title":"disabled","ast-breadcrumbs-content":"","ast-featured-img":"disabled","footer-sml-layout":"","theme-transparent-header-meta":"","adv-header-id-meta":"","stick-header-meta":"","header-above-stick-meta":"","header-main-stick-meta":"","header-below-stick-meta":"","astra-migrate-meta-layouts":"default","ast-page-background-enabled":"default","ast-page-background-meta":{"desktop":{"background-color":"","background-image":"","background-repeat":"repeat","background-position":"center center","background-size":"auto","background-attachment":"scroll","background-type":"","background-media":"","overlay-type":"","overlay-color":"","overlay-opacity":"","overlay-gradient":""},"tablet":{"background-color":"","background-image":"","background-repeat":"repeat","background-position":"center center","background-size":"auto","background-attachment":"scroll","background-type":"","background-media":"","overlay-type":"","overlay-color":"","overlay-opacity":"","overlay-gradient":""},"mobile":{"background-color":"","background-image":"","background-repeat":"repeat","background-position":"center center","background-size":"auto","background-attachment":"scroll","background-type":"","background-media":"","overlay-type":"","overlay-color":"","overlay-opacity":"","overlay-gradient":""}},"ast-content-background-meta":{"desktop":{"background-color":"var(--ast-global-color-5)","background-image":"","background-repeat":"repeat","background-position":"center center","background-size":"auto","background-attachment":"scroll","background-type":"","background-media":"","overlay-type":"","overlay-color":"","overlay-opacity":"","overlay-gradient":""},"tablet":{"background-color":"var(--ast-global-color-5)","background-image":"","background-repeat":"repeat","background-position":"center center","background-size":"auto","background-attachment":"scroll","background-type":"","background-media":"","overlay-type":"","overlay-color":"","overlay-opacity":"","overlay-gradient":""},"mobile":{"background-color":"var(--ast-global-color-5)","background-image":"","background-repeat":"repeat","background-position":"center center","background-size":"auto","background-attachment":"scroll","background-type":"","background-media":"","overlay-type":"","overlay-color":"","overlay-opacity":"","overlay-gradient":""}},"footnotes":""},"class_list":["post-5611","page","type-page","status-publish","has-post-thumbnail","hentry"],"_links":{"self":[{"href":"https:\/\/active-ageing.training\/da\/wp-json\/wp\/v2\/pages\/5611","targetHints":{"allow":["GET"]}}],"collection":[{"href":"https:\/\/active-ageing.training\/da\/wp-json\/wp\/v2\/pages"}],"about":[{"href":"https:\/\/active-ageing.training\/da\/wp-json\/wp\/v2\/types\/page"}],"author":[{"embeddable":true,"href":"https:\/\/active-ageing.training\/da\/wp-json\/wp\/v2\/users\/7"}],"replies":[{"embeddable":true,"href":"https:\/\/active-ageing.training\/da\/wp-json\/wp\/v2\/comments?post=5611"}],"version-history":[{"count":28,"href":"https:\/\/active-ageing.training\/da\/wp-json\/wp\/v2\/pages\/5611\/revisions"}],"predecessor-version":[{"id":7533,"href":"https:\/\/active-ageing.training\/da\/wp-json\/wp\/v2\/pages\/5611\/revisions\/7533"}],"wp:featuredmedia":[{"embeddable":true,"href":"https:\/\/active-ageing.training\/da\/wp-json\/wp\/v2\/media\/1766"}],"wp:attachment":[{"href":"https:\/\/active-ageing.training\/da\/wp-json\/wp\/v2\/media?parent=5611"}],"curies":[{"name":"wp","href":"https:\/\/api.w.org\/{rel}","templated":true}]}}